{"id":747,"date":"2023-11-22T21:08:07","date_gmt":"2023-11-22T20:08:07","guid":{"rendered":"https:\/\/electricasudanell.com\/transparencia\/"},"modified":"2023-11-22T21:08:07","modified_gmt":"2023-11-22T20:08:07","slug":"transparencia","status":"publish","type":"page","link":"https:\/\/electricasudanell.com\/es\/transparencia\/","title":{"rendered":"Transparencia"},"content":{"rendered":"<h1 id=\"parent-fieldname-title\" class=\"documentFirstHeading\">CANAL DE DENUNCIAS<\/h1>\n<div id=\"viewlet-below-content-title\"><\/div>\n<div id=\"parent-fieldname-description\" class=\"documentDescription\">Herramienta de comunicaci\u00f3n de la El\u00e9ctrica Sudanell para informar o denunciar, tambi\u00e9n de forma an\u00f3nima, malas pr\u00e1cticas en la gesti\u00f3n municipal<\/div>\n<div id=\"viewlet-above-content-body\"><\/div>\n<div id=\"content-core\" class=\"clearfix\">\n<div id=\"parent-fieldname-text-dd39ebc8993646ddab248f2f753333f3\" class=\"\">\n<p>El canal de denuncias o buz\u00f3n \u00e9tico de la El\u00e9ctrica Sudanell, a disposici\u00f3n de todos, es un canal de comunicaci\u00f3n ciudadana totalmente seguro y confidencial con el objetivo  <b>de informar o denunciar malas pr\u00e1cticas llevadas a cabo por este consistorio que infrinjan los principios \u00e9ticos y de buen gobierno (recogidos en el  <\/b><a href=\"https:\/\/electricasudanell.com\/wp-content\/uploads\/2023\/03\/20230203_Codigo-e%CC%81tico-y-de-conducta-3-1.pdf\"><b>c\u00f3digo de conducta de altos cargos de la El\u00e9ctrica Sudanell<\/b><\/a><b>) o posibles casos de fraude, corrupci\u00f3n o conflicto de intereses<\/b>.<\/p>\n<p><b>Anonimato<\/b><\/p>\n<p>Las comunicaciones se pueden realizar con datos identificativos o bien de forma an\u00f3nima, sin necesidad de introducir los datos personales. Si se prefiere el anonimato, <b>es importante que la persona que interponga la denuncia guarde el c\u00f3digo de acceso que se genera<\/b> , ya que ser\u00e1 imprescindible para realizar el seguimiento posterior de la tramitaci\u00f3n.<\/p>\n<p>Con el anonimato, el canal de denuncias garantiza la absoluta confidencialidad en la tramitaci\u00f3n de la denuncia para evitar posibles represalias, discriminaci\u00f3n o cualquier otra consecuencia profesional, personal o efecto negativo por raz\u00f3n de la notificaci\u00f3n formulada.<\/p>\n<p>Esta herramienta surge de la Directiva (UE) 2019\/1937 del Parlamento Europeo y del Consejo, publicada el 23 de octubre de 2019, relativa a la protecci\u00f3n de las personas que informan sobre infracciones del Derecho de la Uni\u00f3n. Su implementaci\u00f3n no ser\u00e1 obligatoria para los entes locales de los municipios de menos de 10.000 habitantes hasta diciembre de 2023, pero es una apuesta de la El\u00e9ctrica Sudanell por avanzar en el despliegue de medidas antifraude, la transparencia y el buen gobierno.<\/p>\n<p><b>Fondo Next Generation EU<\/b><\/p>\n<p>En caso de querer realizar alguna aportaci\u00f3n o denuncia relativa a la gesti\u00f3n de los Fondos Next Generation EU, es necesario canalizarla a trav\u00e9s de esta plataforma.<\/p>\n<\/div>\n<p>Para acceder, <a href=\"http:\/\/centinela.lefebvre.es\/public\/concept\/1641758?access=RR%2fuhvU9%2bwiodC1PEUDLcLhK2qpDAwELAZW0ENfanuc%3d\">siga este enlace<\/a><\/p>\n<\/div>\n","protected":false},"excerpt":{"rendered":"CANAL DE DENUNCIAS Herramienta de comunicaci\u00f3n de la El\u00e9ctrica Sudanell para informar o denunciar, tambi\u00e9n de forma an\u00f3nima, malas pr\u00e1cticas en la gesti\u00f3n municipal El canal de denuncias o buz\u00f3n \u00e9tico de la El\u00e9ctrica Sudanell, a disposici\u00f3n de todos, es un canal de comunicaci\u00f3n ciudadana totalmente seguro y confidencial con el objetivo de informar o [&hellip;]","protected":false},"author":1,"featured_media":0,"parent":0,"menu_order":0,"comment_status":"closed","ping_status":"closed","template":"","meta":{"_acf_changed":false,"footnotes":""},"class_list":["post-747","page","type-page","status-publish","hentry"],"acf":[],"yoast_head":"<!-- This site is optimized with the Yoast SEO plugin v27.1.1 - https:\/\/yoast.com\/product\/yoast-seo-wordpress\/ -->\n<title>Transparencia - El\u00e8ctrica Sudanell<\/title>\n<meta name=\"robots\" content=\"index, follow, max-snippet:-1, max-image-preview:large, max-video-preview:-1\" \/>\n<link rel=\"canonical\" href=\"https:\/\/electricasudanell.com\/transparencia\/\" \/>\n<meta property=\"og:locale\" content=\"es_ES\" \/>\n<meta property=\"og:type\" content=\"article\" \/>\n<meta property=\"og:title\" content=\"Transparencia - El\u00e8ctrica Sudanell\" \/>\n<meta property=\"og:description\" content=\"CANAL DE DENUNCIAS Herramienta de comunicaci\u00f3n de la El\u00e9ctrica Sudanell para informar o denunciar, tambi\u00e9n de forma an\u00f3nima, malas pr\u00e1cticas en la gesti\u00f3n municipal El canal de denuncias o buz\u00f3n \u00e9tico de la El\u00e9ctrica Sudanell, a disposici\u00f3n de todos, es un canal de comunicaci\u00f3n ciudadana totalmente seguro y confidencial con el objetivo de informar o [&hellip;]\" \/>\n<meta property=\"og:url\" content=\"https:\/\/electricasudanell.com\/transparencia\/\" \/>\n<meta property=\"og:site_name\" content=\"El\u00e8ctrica Sudanell\" \/>\n<meta name=\"twitter:card\" content=\"summary_large_image\" \/>\n<meta name=\"twitter:label1\" content=\"Tiempo de lectura\" \/>\n\t<meta name=\"twitter:data1\" content=\"2 minutos\" \/>\n<script type=\"application\/ld+json\" class=\"yoast-schema-graph\">{\"@context\":\"https:\/\/schema.org\",\"@graph\":[{\"@type\":\"WebPage\",\"@id\":\"https:\/\/electricasudanell.com\/transparencia\/\",\"url\":\"https:\/\/electricasudanell.com\/transparencia\/\",\"name\":\"Transparencia - El\u00e8ctrica Sudanell\",\"isPartOf\":{\"@id\":\"https:\/\/electricasudanell.com\/#website\"},\"datePublished\":\"2023-11-22T20:08:07+00:00\",\"breadcrumb\":{\"@id\":\"https:\/\/electricasudanell.com\/transparencia\/#breadcrumb\"},\"inLanguage\":\"es\",\"potentialAction\":[{\"@type\":\"ReadAction\",\"target\":[\"https:\/\/electricasudanell.com\/transparencia\/\"]}]},{\"@type\":\"BreadcrumbList\",\"@id\":\"https:\/\/electricasudanell.com\/transparencia\/#breadcrumb\",\"itemListElement\":[{\"@type\":\"ListItem\",\"position\":1,\"name\":\"Inici\",\"item\":\"https:\/\/electricasudanell.com\/inicio\/\"},{\"@type\":\"ListItem\",\"position\":2,\"name\":\"Transparencia\"}]},{\"@type\":\"WebSite\",\"@id\":\"https:\/\/electricasudanell.com\/#website\",\"url\":\"https:\/\/electricasudanell.com\/\",\"name\":\"El\u00e8ctrica Sudanell\",\"description\":\"Altre lloc gestionat amb el WordPress\",\"potentialAction\":[{\"@type\":\"SearchAction\",\"target\":{\"@type\":\"EntryPoint\",\"urlTemplate\":\"https:\/\/electricasudanell.com\/?s={search_term_string}\"},\"query-input\":{\"@type\":\"PropertyValueSpecification\",\"valueRequired\":true,\"valueName\":\"search_term_string\"}}],\"inLanguage\":\"es\"}]}<\/script>\n<!-- \/ Yoast SEO plugin. -->","yoast_head_json":{"title":"Transparencia - El\u00e8ctrica Sudanell","robots":{"index":"index","follow":"follow","max-snippet":"max-snippet:-1","max-image-preview":"max-image-preview:large","max-video-preview":"max-video-preview:-1"},"canonical":"https:\/\/electricasudanell.com\/transparencia\/","og_locale":"es_ES","og_type":"article","og_title":"Transparencia - El\u00e8ctrica Sudanell","og_description":"CANAL DE DENUNCIAS Herramienta de comunicaci\u00f3n de la El\u00e9ctrica Sudanell para informar o denunciar, tambi\u00e9n de forma an\u00f3nima, malas pr\u00e1cticas en la gesti\u00f3n municipal El canal de denuncias o buz\u00f3n \u00e9tico de la El\u00e9ctrica Sudanell, a disposici\u00f3n de todos, es un canal de comunicaci\u00f3n ciudadana totalmente seguro y confidencial con el objetivo de informar o [&hellip;]","og_url":"https:\/\/electricasudanell.com\/transparencia\/","og_site_name":"El\u00e8ctrica Sudanell","twitter_card":"summary_large_image","twitter_misc":{"Tiempo de lectura":"2 minutos"},"schema":{"@context":"https:\/\/schema.org","@graph":[{"@type":"WebPage","@id":"https:\/\/electricasudanell.com\/transparencia\/","url":"https:\/\/electricasudanell.com\/transparencia\/","name":"Transparencia - El\u00e8ctrica Sudanell","isPartOf":{"@id":"https:\/\/electricasudanell.com\/#website"},"datePublished":"2023-11-22T20:08:07+00:00","breadcrumb":{"@id":"https:\/\/electricasudanell.com\/transparencia\/#breadcrumb"},"inLanguage":"es","potentialAction":[{"@type":"ReadAction","target":["https:\/\/electricasudanell.com\/transparencia\/"]}]},{"@type":"BreadcrumbList","@id":"https:\/\/electricasudanell.com\/transparencia\/#breadcrumb","itemListElement":[{"@type":"ListItem","position":1,"name":"Inici","item":"https:\/\/electricasudanell.com\/inicio\/"},{"@type":"ListItem","position":2,"name":"Transparencia"}]},{"@type":"WebSite","@id":"https:\/\/electricasudanell.com\/#website","url":"https:\/\/electricasudanell.com\/","name":"El\u00e8ctrica Sudanell","description":"Altre lloc gestionat amb el WordPress","potentialAction":[{"@type":"SearchAction","target":{"@type":"EntryPoint","urlTemplate":"https:\/\/electricasudanell.com\/?s={search_term_string}"},"query-input":{"@type":"PropertyValueSpecification","valueRequired":true,"valueName":"search_term_string"}}],"inLanguage":"es"}]}},"_links":{"self":[{"href":"https:\/\/electricasudanell.com\/es\/wp-json\/wp\/v2\/pages\/747","targetHints":{"allow":["GET"]}}],"collection":[{"href":"https:\/\/electricasudanell.com\/es\/wp-json\/wp\/v2\/pages"}],"about":[{"href":"https:\/\/electricasudanell.com\/es\/wp-json\/wp\/v2\/types\/page"}],"author":[{"embeddable":true,"href":"https:\/\/electricasudanell.com\/es\/wp-json\/wp\/v2\/users\/1"}],"replies":[{"embeddable":true,"href":"https:\/\/electricasudanell.com\/es\/wp-json\/wp\/v2\/comments?post=747"}],"version-history":[{"count":0,"href":"https:\/\/electricasudanell.com\/es\/wp-json\/wp\/v2\/pages\/747\/revisions"}],"wp:attachment":[{"href":"https:\/\/electricasudanell.com\/es\/wp-json\/wp\/v2\/media?parent=747"}],"curies":[{"name":"wp","href":"https:\/\/api.w.org\/{rel}","templated":true}]}}