{"id":149,"date":"2018-06-04T10:19:40","date_gmt":"2018-06-04T09:19:40","guid":{"rendered":"http:\/\/www.electricasudanell.com\/?page_id=149\/"},"modified":"2024-01-22T19:52:55","modified_gmt":"2024-01-22T18:52:55","slug":"la-electrica","status":"publish","type":"page","link":"https:\/\/electricasudanell.com\/es\/la-electrica\/","title":{"rendered":"Informaci\u00f3n"},"content":{"rendered":"<div class=\"col-sm-12\">\n<h3>Informaci\u00f3n sobre los contadores<\/h3>\n<p>&nbsp;<\/p>\n<div class=\"col-sm-12\">\n<div class=\"col-sm-2\"><img loading=\"lazy\" decoding=\"async\" class=\"alignnone wp-image-393\" src=\"https:\/\/electricasudanell.com\/wp-content\/uploads\/2021\/08\/cirwatt-b-200-rcp-215x300.png\" alt=\"\" width=\"133\" height=\"186\" srcset=\"https:\/\/electricasudanell.com\/wp-content\/uploads\/2021\/08\/cirwatt-b-200-rcp-215x300.png 215w, https:\/\/electricasudanell.com\/wp-content\/uploads\/2021\/08\/cirwatt-b-200-rcp.png 501w\" sizes=\"auto, (max-width: 133px) 100vw, 133px\" \/><\/div>\n<div class=\"col-sm-10\">\n<h3>CIRWATT B 200 RCP<\/h3>\n<p>CIRWATT B 200 RCP es un contador monof\u00e1sico digital multifunci\u00f3n de clase B en medida de energ\u00eda activa, y clase 2 para la energ\u00eda reactiva. Este contador cumple con la normativa europea actual vigente en contadores de energ\u00eda (MID) A 50.470-1 y EN 50.470-3, lo que aprueba la instalaci\u00f3n de estos contadores en cualquier pa\u00eds de la comunidad europea.<\/p>\n<p>Dispone de comunicaciones PLC\/Prime (Power Line Carrier) a trav\u00e9s de la red el\u00e9ctrica as\u00ed como de porte \u00f3ptico. Ambas comunicaciones utilizan el protocolo DLMS. Tambi\u00e9n dispone de un registrador de hasta 3 meses de registros horarios, de los 6 tipos de energ\u00eda. Asimismo permite la lectura de datos en ausencia de tensi\u00f3n. Incorpora el elemento de corte, que permite al usuario controlar la demanda del suministro que puede ser gestionada remotamente utilizando comunicaciones PLC.<\/p>\n<\/div>\n<\/div>\n<\/div>\n<div><\/div>\n<div><\/div>\n<div><\/div>\n<div class=\"col-sm-12\">\n<div class=\"col-sm-12\">\n<div><\/div>\n<div class=\"col-sm-2\"><img loading=\"lazy\" decoding=\"async\" class=\"alignnone wp-image-385\" src=\"https:\/\/electricasudanell.com\/wp-content\/uploads\/2021\/08\/CIRWATT-B-410D-1-272x300.png\" alt=\"\" width=\"155\" height=\"171\" srcset=\"https:\/\/electricasudanell.com\/wp-content\/uploads\/2021\/08\/CIRWATT-B-410D-1-272x300.png 272w, https:\/\/electricasudanell.com\/wp-content\/uploads\/2021\/08\/CIRWATT-B-410D-1.png 466w\" sizes=\"auto, (max-width: 155px) 100vw, 155px\" \/><\/div>\n<div class=\"col-sm-10\">\n<h3>CIRWATT B 410-DP<\/h3>\n<p>CIRWATT B 410D es un contador trif\u00e1sico directo, id\u00f3neo para aplicaciones trif\u00e1sicas industriales. Instalaci\u00f3n sencilla, larga durabilidad y gran precisi\u00f3n en la medida son algunas de sus principales caracter\u00edsticas.<\/p>\n<p>CIRWATT B 410D es un contador clase B en energ\u00eda activa seg\u00fan Directiva Europea MID (EN 50470) o clase 1 seg\u00fan IEC-62.053-21, con disponibilidad de m\u00faltiples opciones de comunicaciones y m\u00f3dulos de expansi\u00f3n que le permiten adaptarse a cualquier tipo de instalaci\u00f3n.<\/p>\n<p>Dispone de comunicaciones PLC\/Prime (Power Line Carrier) a trav\u00e9s de la red el\u00e9ctrica as\u00ed como de porte \u00f3ptico. Ambas comunicaciones utilizan el protocolo DLMS. Tambi\u00e9n dispone de un registrador de hasta 3 meses de registros horarios, de los 6 tipos de energ\u00eda. Asimismo permite la lectura de datos en ausencia de tensi\u00f3n. Incorpora el elemento de corte, que permite al usuario controlar la demanda del suministro que puede ser gestionada remotamente utilizando comunicaciones PLC.<\/p>\n<\/div>\n<\/div>\n<\/div>\n","protected":false},"excerpt":{"rendered":"<p>Informaci\u00f3n sobre los contadores &nbsp; CIRWATT B 200 RCP CIRWATT B 200 RCP es un contador monof\u00e1sico digital multifunci\u00f3n de clase B en medida de energ\u00eda activa, y clase 2 para la energ\u00eda reactiva. Este contador cumple con la normativa europea actual vigente en contadores de energ\u00eda (MID) A 50.470-1 y EN 50.470-3, lo que [&hellip;]<\/p>\n","protected":false},"author":1,"featured_media":0,"parent":0,"menu_order":0,"comment_status":"closed","ping_status":"closed","template":"page-custom3.php","meta":{"_acf_changed":false,"footnotes":""},"class_list":["post-149","page","type-page","status-publish","hentry"],"acf":[],"yoast_head":"<!-- This site is optimized with the Yoast SEO plugin v27.5 - https:\/\/yoast.com\/product\/yoast-seo-wordpress\/ -->\n<title>Informaci\u00f3n - El\u00e8ctrica Sudanell<\/title>\n<meta name=\"robots\" content=\"index, follow, max-snippet:-1, max-image-preview:large, max-video-preview:-1\" \/>\n<link rel=\"canonical\" href=\"https:\/\/electricasudanell.com\/la-electrica\/\" \/>\n<meta property=\"og:locale\" content=\"es_ES\" \/>\n<meta property=\"og:type\" content=\"article\" \/>\n<meta property=\"og:title\" content=\"Informaci\u00f3n - El\u00e8ctrica Sudanell\" \/>\n<meta property=\"og:description\" content=\"Informaci\u00f3n sobre los contadores &nbsp; CIRWATT B 200 RCP CIRWATT B 200 RCP es un contador monof\u00e1sico digital multifunci\u00f3n de clase B en medida de energ\u00eda activa, y clase 2 para la energ\u00eda reactiva. Este contador cumple con la normativa europea actual vigente en contadores de energ\u00eda (MID) A 50.470-1 y EN 50.470-3, lo que [&hellip;]\" \/>\n<meta property=\"og:url\" content=\"https:\/\/electricasudanell.com\/la-electrica\/\" \/>\n<meta property=\"og:site_name\" content=\"El\u00e8ctrica Sudanell\" \/>\n<meta property=\"article:modified_time\" content=\"2024-01-22T18:52:55+00:00\" \/>\n<meta property=\"og:image\" content=\"https:\/\/electricasudanell.com\/wp-content\/uploads\/2021\/08\/cirwatt-b-200-rcp.png\" \/>\n\t<meta property=\"og:image:width\" content=\"501\" \/>\n\t<meta property=\"og:image:height\" content=\"700\" \/>\n\t<meta property=\"og:image:type\" content=\"image\/png\" \/>\n<meta name=\"twitter:card\" content=\"summary_large_image\" \/>\n<meta name=\"twitter:label1\" content=\"Tiempo de lectura\" \/>\n\t<meta name=\"twitter:data1\" content=\"2 minutos\" \/>\n<script type=\"application\/ld+json\" class=\"yoast-schema-graph\">{\"@context\":\"https:\\\/\\\/schema.org\",\"@graph\":[{\"@type\":\"WebPage\",\"@id\":\"https:\\\/\\\/electricasudanell.com\\\/la-electrica\\\/\",\"url\":\"https:\\\/\\\/electricasudanell.com\\\/la-electrica\\\/\",\"name\":\"Informaci\u00f3n - El\u00e8ctrica Sudanell\",\"isPartOf\":{\"@id\":\"https:\\\/\\\/electricasudanell.com\\\/#website\"},\"primaryImageOfPage\":{\"@id\":\"https:\\\/\\\/electricasudanell.com\\\/la-electrica\\\/#primaryimage\"},\"image\":{\"@id\":\"https:\\\/\\\/electricasudanell.com\\\/la-electrica\\\/#primaryimage\"},\"thumbnailUrl\":\"https:\\\/\\\/electricasudanell.com\\\/wp-content\\\/uploads\\\/2021\\\/08\\\/cirwatt-b-200-rcp-215x300.png\",\"datePublished\":\"2018-06-04T09:19:40+00:00\",\"dateModified\":\"2024-01-22T18:52:55+00:00\",\"breadcrumb\":{\"@id\":\"https:\\\/\\\/electricasudanell.com\\\/la-electrica\\\/#breadcrumb\"},\"inLanguage\":\"es\",\"potentialAction\":[{\"@type\":\"ReadAction\",\"target\":[\"https:\\\/\\\/electricasudanell.com\\\/la-electrica\\\/\"]}]},{\"@type\":\"ImageObject\",\"inLanguage\":\"es\",\"@id\":\"https:\\\/\\\/electricasudanell.com\\\/la-electrica\\\/#primaryimage\",\"url\":\"https:\\\/\\\/electricasudanell.com\\\/wp-content\\\/uploads\\\/2021\\\/08\\\/cirwatt-b-200-rcp-215x300.png\",\"contentUrl\":\"https:\\\/\\\/electricasudanell.com\\\/wp-content\\\/uploads\\\/2021\\\/08\\\/cirwatt-b-200-rcp-215x300.png\"},{\"@type\":\"BreadcrumbList\",\"@id\":\"https:\\\/\\\/electricasudanell.com\\\/la-electrica\\\/#breadcrumb\",\"itemListElement\":[{\"@type\":\"ListItem\",\"position\":1,\"name\":\"Inici\",\"item\":\"https:\\\/\\\/electricasudanell.com\\\/inicio\\\/\"},{\"@type\":\"ListItem\",\"position\":2,\"name\":\"Informaci\u00f3n\"}]},{\"@type\":\"WebSite\",\"@id\":\"https:\\\/\\\/electricasudanell.com\\\/#website\",\"url\":\"https:\\\/\\\/electricasudanell.com\\\/\",\"name\":\"El\u00e8ctrica Sudanell\",\"description\":\"Altre lloc gestionat amb el WordPress\",\"potentialAction\":[{\"@type\":\"SearchAction\",\"target\":{\"@type\":\"EntryPoint\",\"urlTemplate\":\"https:\\\/\\\/electricasudanell.com\\\/?s={search_term_string}\"},\"query-input\":{\"@type\":\"PropertyValueSpecification\",\"valueRequired\":true,\"valueName\":\"search_term_string\"}}],\"inLanguage\":\"es\"}]}<\/script>\n<!-- \/ Yoast SEO plugin. -->","yoast_head_json":{"title":"Informaci\u00f3n - El\u00e8ctrica Sudanell","robots":{"index":"index","follow":"follow","max-snippet":"max-snippet:-1","max-image-preview":"max-image-preview:large","max-video-preview":"max-video-preview:-1"},"canonical":"https:\/\/electricasudanell.com\/la-electrica\/","og_locale":"es_ES","og_type":"article","og_title":"Informaci\u00f3n - El\u00e8ctrica Sudanell","og_description":"Informaci\u00f3n sobre los contadores &nbsp; CIRWATT B 200 RCP CIRWATT B 200 RCP es un contador monof\u00e1sico digital multifunci\u00f3n de clase B en medida de energ\u00eda activa, y clase 2 para la energ\u00eda reactiva. Este contador cumple con la normativa europea actual vigente en contadores de energ\u00eda (MID) A 50.470-1 y EN 50.470-3, lo que [&hellip;]","og_url":"https:\/\/electricasudanell.com\/la-electrica\/","og_site_name":"El\u00e8ctrica Sudanell","article_modified_time":"2024-01-22T18:52:55+00:00","og_image":[{"width":501,"height":700,"url":"https:\/\/electricasudanell.com\/wp-content\/uploads\/2021\/08\/cirwatt-b-200-rcp.png","type":"image\/png"}],"twitter_card":"summary_large_image","twitter_misc":{"Tiempo de lectura":"2 minutos"},"schema":{"@context":"https:\/\/schema.org","@graph":[{"@type":"WebPage","@id":"https:\/\/electricasudanell.com\/la-electrica\/","url":"https:\/\/electricasudanell.com\/la-electrica\/","name":"Informaci\u00f3n - El\u00e8ctrica Sudanell","isPartOf":{"@id":"https:\/\/electricasudanell.com\/#website"},"primaryImageOfPage":{"@id":"https:\/\/electricasudanell.com\/la-electrica\/#primaryimage"},"image":{"@id":"https:\/\/electricasudanell.com\/la-electrica\/#primaryimage"},"thumbnailUrl":"https:\/\/electricasudanell.com\/wp-content\/uploads\/2021\/08\/cirwatt-b-200-rcp-215x300.png","datePublished":"2018-06-04T09:19:40+00:00","dateModified":"2024-01-22T18:52:55+00:00","breadcrumb":{"@id":"https:\/\/electricasudanell.com\/la-electrica\/#breadcrumb"},"inLanguage":"es","potentialAction":[{"@type":"ReadAction","target":["https:\/\/electricasudanell.com\/la-electrica\/"]}]},{"@type":"ImageObject","inLanguage":"es","@id":"https:\/\/electricasudanell.com\/la-electrica\/#primaryimage","url":"https:\/\/electricasudanell.com\/wp-content\/uploads\/2021\/08\/cirwatt-b-200-rcp-215x300.png","contentUrl":"https:\/\/electricasudanell.com\/wp-content\/uploads\/2021\/08\/cirwatt-b-200-rcp-215x300.png"},{"@type":"BreadcrumbList","@id":"https:\/\/electricasudanell.com\/la-electrica\/#breadcrumb","itemListElement":[{"@type":"ListItem","position":1,"name":"Inici","item":"https:\/\/electricasudanell.com\/inicio\/"},{"@type":"ListItem","position":2,"name":"Informaci\u00f3n"}]},{"@type":"WebSite","@id":"https:\/\/electricasudanell.com\/#website","url":"https:\/\/electricasudanell.com\/","name":"El\u00e8ctrica Sudanell","description":"Altre lloc gestionat amb el WordPress","potentialAction":[{"@type":"SearchAction","target":{"@type":"EntryPoint","urlTemplate":"https:\/\/electricasudanell.com\/?s={search_term_string}"},"query-input":{"@type":"PropertyValueSpecification","valueRequired":true,"valueName":"search_term_string"}}],"inLanguage":"es"}]}},"_links":{"self":[{"href":"https:\/\/electricasudanell.com\/es\/wp-json\/wp\/v2\/pages\/149","targetHints":{"allow":["GET"]}}],"collection":[{"href":"https:\/\/electricasudanell.com\/es\/wp-json\/wp\/v2\/pages"}],"about":[{"href":"https:\/\/electricasudanell.com\/es\/wp-json\/wp\/v2\/types\/page"}],"author":[{"embeddable":true,"href":"https:\/\/electricasudanell.com\/es\/wp-json\/wp\/v2\/users\/1"}],"replies":[{"embeddable":true,"href":"https:\/\/electricasudanell.com\/es\/wp-json\/wp\/v2\/comments?post=149"}],"version-history":[{"count":9,"href":"https:\/\/electricasudanell.com\/es\/wp-json\/wp\/v2\/pages\/149\/revisions"}],"predecessor-version":[{"id":803,"href":"https:\/\/electricasudanell.com\/es\/wp-json\/wp\/v2\/pages\/149\/revisions\/803"}],"wp:attachment":[{"href":"https:\/\/electricasudanell.com\/es\/wp-json\/wp\/v2\/media?parent=149"}],"curies":[{"name":"wp","href":"https:\/\/api.w.org\/{rel}","templated":true}]}}