{"id":141,"date":"2018-06-04T08:09:00","date_gmt":"2018-06-04T07:09:00","guid":{"rendered":"http:\/\/www.electricasudanell.com\/?page_id=141\/"},"modified":"2025-05-16T10:35:26","modified_gmt":"2025-05-16T09:35:26","slug":"inicio","status":"publish","type":"page","link":"https:\/\/electricasudanell.com\/es\/","title":{"rendered":"Inicio"},"content":{"rendered":"<div class=\"slider\"><img decoding=\"async\" src=\"https:\/\/electricasudanell.com\/wp-content\/uploads\/2018\/04\/slider-1-e1705949982198.jpg\" alt=\"\" width=\"100%\" \/><\/div>\n<div class=\"banner-inici\">\n<h1>Bienvenidos a la web de la El\u00e9ctrica Sudanell<\/h1>\n<p>La empresa municipal Comercializadora El\u00e9ctrica Sudanell SLU es una empresa que se dedica a la comercializaci\u00f3n y distribuci\u00f3n de energ\u00eda el\u00e9ctrica. Esta empresa es propiedad del Ayuntamiento de Sudanell con capital en su totalidad p\u00fablico.<\/p>\n<p>La Barcelona Traction conocida popularmente por la Canadiense inici\u00f3 el 30 de noviembre de 1912 la construcci\u00f3n del Canal de Ser\u00f2s que pas\u00f3 por el t\u00e9rmino municipal de Sudanell, concretamente afectando a parte del n\u00facleo urbano.<\/p>\n<p>La Canadiense y el Ayuntamiento de Sudanell llegaron a un acuerdo que permiti\u00f3 las obras y la ocupaci\u00f3n de los terrenos municipales. A cambio, el consistorio municipal pudo conseguir los primeros suministros el\u00e9ctricos y obtener la concesi\u00f3n y gesti\u00f3n de la energ\u00eda el\u00e9ctrica.<\/p>\n<p>Actualmente y con la llegada de las nuevas tecnolog\u00edas Comercializadora El\u00e9ctrica Sudanell SLU es una empresa moderna y comprometida a los vecinos de nuestro municipio y con la voluntad de ofrecer un trato y un servicio m\u00e1s directo y profesional.<\/p>\n<\/div>\n","protected":false},"excerpt":{"rendered":"<p>Bienvenidos a la web de la El\u00e9ctrica Sudanell La empresa municipal Comercializadora El\u00e9ctrica Sudanell SLU es una empresa que se dedica a la comercializaci\u00f3n y distribuci\u00f3n de energ\u00eda el\u00e9ctrica. Esta empresa es propiedad del Ayuntamiento de Sudanell con capital en su totalidad p\u00fablico. La Barcelona Traction conocida popularmente por la Canadiense inici\u00f3 el 30 de [&hellip;]<\/p>\n","protected":false},"author":1,"featured_media":0,"parent":0,"menu_order":0,"comment_status":"closed","ping_status":"closed","template":"page-custom.php","meta":{"_acf_changed":false,"footnotes":""},"class_list":["post-141","page","type-page","status-publish","hentry"],"acf":[],"yoast_head":"<!-- This site is optimized with the Yoast SEO plugin v27.5 - https:\/\/yoast.com\/product\/yoast-seo-wordpress\/ -->\n<title>Inicio - El\u00e8ctrica Sudanell<\/title>\n<meta name=\"robots\" content=\"index, follow, max-snippet:-1, max-image-preview:large, max-video-preview:-1\" \/>\n<link rel=\"canonical\" href=\"https:\/\/electricasudanell.com\/inicio\/\" \/>\n<meta property=\"og:locale\" content=\"es_ES\" \/>\n<meta property=\"og:type\" content=\"article\" \/>\n<meta property=\"og:title\" content=\"Inicio - El\u00e8ctrica Sudanell\" \/>\n<meta property=\"og:description\" content=\"Bienvenidos a la web de la El\u00e9ctrica Sudanell La empresa municipal Comercializadora El\u00e9ctrica Sudanell SLU es una empresa que se dedica a la comercializaci\u00f3n y distribuci\u00f3n de energ\u00eda el\u00e9ctrica. Esta empresa es propiedad del Ayuntamiento de Sudanell con capital en su totalidad p\u00fablico. La Barcelona Traction conocida popularmente por la Canadiense inici\u00f3 el 30 de [&hellip;]\" \/>\n<meta property=\"og:url\" content=\"https:\/\/electricasudanell.com\/inicio\/\" \/>\n<meta property=\"og:site_name\" content=\"El\u00e8ctrica Sudanell\" \/>\n<meta property=\"article:modified_time\" content=\"2025-05-16T09:35:26+00:00\" \/>\n<meta property=\"og:image\" content=\"https:\/\/electricasudanell.com\/wp-content\/uploads\/2018\/04\/slider-1-e1705949982198.jpg\" \/>\n<meta name=\"twitter:card\" content=\"summary_large_image\" \/>\n<meta name=\"twitter:label1\" content=\"Tiempo de lectura\" \/>\n\t<meta name=\"twitter:data1\" content=\"1 minuto\" \/>\n<script type=\"application\/ld+json\" class=\"yoast-schema-graph\">{\"@context\":\"https:\\\/\\\/schema.org\",\"@graph\":[{\"@type\":\"WebPage\",\"@id\":\"https:\\\/\\\/electricasudanell.com\\\/inicio\\\/\",\"url\":\"https:\\\/\\\/electricasudanell.com\\\/inicio\\\/\",\"name\":\"Inicio - El\u00e8ctrica Sudanell\",\"isPartOf\":{\"@id\":\"https:\\\/\\\/electricasudanell.com\\\/#website\"},\"primaryImageOfPage\":{\"@id\":\"https:\\\/\\\/electricasudanell.com\\\/inicio\\\/#primaryimage\"},\"image\":{\"@id\":\"https:\\\/\\\/electricasudanell.com\\\/inicio\\\/#primaryimage\"},\"thumbnailUrl\":\"https:\\\/\\\/electricasudanell.com\\\/wp-content\\\/uploads\\\/2018\\\/04\\\/slider-1-e1705949982198.jpg\",\"datePublished\":\"2018-06-04T07:09:00+00:00\",\"dateModified\":\"2025-05-16T09:35:26+00:00\",\"breadcrumb\":{\"@id\":\"https:\\\/\\\/electricasudanell.com\\\/inicio\\\/#breadcrumb\"},\"inLanguage\":\"es\",\"potentialAction\":[{\"@type\":\"ReadAction\",\"target\":[\"https:\\\/\\\/electricasudanell.com\\\/inicio\\\/\"]}]},{\"@type\":\"ImageObject\",\"inLanguage\":\"es\",\"@id\":\"https:\\\/\\\/electricasudanell.com\\\/inicio\\\/#primaryimage\",\"url\":\"https:\\\/\\\/electricasudanell.com\\\/wp-content\\\/uploads\\\/2018\\\/04\\\/slider-1-e1705949982198.jpg\",\"contentUrl\":\"https:\\\/\\\/electricasudanell.com\\\/wp-content\\\/uploads\\\/2018\\\/04\\\/slider-1-e1705949982198.jpg\"},{\"@type\":\"BreadcrumbList\",\"@id\":\"https:\\\/\\\/electricasudanell.com\\\/inicio\\\/#breadcrumb\",\"itemListElement\":[{\"@type\":\"ListItem\",\"position\":1,\"name\":\"Inici\",\"item\":\"https:\\\/\\\/electricasudanell.com\\\/inicio\\\/\"},{\"@type\":\"ListItem\",\"position\":2,\"name\":\"Inicio\"}]},{\"@type\":\"WebSite\",\"@id\":\"https:\\\/\\\/electricasudanell.com\\\/#website\",\"url\":\"https:\\\/\\\/electricasudanell.com\\\/\",\"name\":\"El\u00e8ctrica Sudanell\",\"description\":\"Altre lloc gestionat amb el WordPress\",\"potentialAction\":[{\"@type\":\"SearchAction\",\"target\":{\"@type\":\"EntryPoint\",\"urlTemplate\":\"https:\\\/\\\/electricasudanell.com\\\/?s={search_term_string}\"},\"query-input\":{\"@type\":\"PropertyValueSpecification\",\"valueRequired\":true,\"valueName\":\"search_term_string\"}}],\"inLanguage\":\"es\"}]}<\/script>\n<!-- \/ Yoast SEO plugin. -->","yoast_head_json":{"title":"Inicio - El\u00e8ctrica Sudanell","robots":{"index":"index","follow":"follow","max-snippet":"max-snippet:-1","max-image-preview":"max-image-preview:large","max-video-preview":"max-video-preview:-1"},"canonical":"https:\/\/electricasudanell.com\/inicio\/","og_locale":"es_ES","og_type":"article","og_title":"Inicio - El\u00e8ctrica Sudanell","og_description":"Bienvenidos a la web de la El\u00e9ctrica Sudanell La empresa municipal Comercializadora El\u00e9ctrica Sudanell SLU es una empresa que se dedica a la comercializaci\u00f3n y distribuci\u00f3n de energ\u00eda el\u00e9ctrica. Esta empresa es propiedad del Ayuntamiento de Sudanell con capital en su totalidad p\u00fablico. La Barcelona Traction conocida popularmente por la Canadiense inici\u00f3 el 30 de [&hellip;]","og_url":"https:\/\/electricasudanell.com\/inicio\/","og_site_name":"El\u00e8ctrica Sudanell","article_modified_time":"2025-05-16T09:35:26+00:00","og_image":[{"url":"https:\/\/electricasudanell.com\/wp-content\/uploads\/2018\/04\/slider-1-e1705949982198.jpg","type":"","width":"","height":""}],"twitter_card":"summary_large_image","twitter_misc":{"Tiempo de lectura":"1 minuto"},"schema":{"@context":"https:\/\/schema.org","@graph":[{"@type":"WebPage","@id":"https:\/\/electricasudanell.com\/inicio\/","url":"https:\/\/electricasudanell.com\/inicio\/","name":"Inicio - El\u00e8ctrica Sudanell","isPartOf":{"@id":"https:\/\/electricasudanell.com\/#website"},"primaryImageOfPage":{"@id":"https:\/\/electricasudanell.com\/inicio\/#primaryimage"},"image":{"@id":"https:\/\/electricasudanell.com\/inicio\/#primaryimage"},"thumbnailUrl":"https:\/\/electricasudanell.com\/wp-content\/uploads\/2018\/04\/slider-1-e1705949982198.jpg","datePublished":"2018-06-04T07:09:00+00:00","dateModified":"2025-05-16T09:35:26+00:00","breadcrumb":{"@id":"https:\/\/electricasudanell.com\/inicio\/#breadcrumb"},"inLanguage":"es","potentialAction":[{"@type":"ReadAction","target":["https:\/\/electricasudanell.com\/inicio\/"]}]},{"@type":"ImageObject","inLanguage":"es","@id":"https:\/\/electricasudanell.com\/inicio\/#primaryimage","url":"https:\/\/electricasudanell.com\/wp-content\/uploads\/2018\/04\/slider-1-e1705949982198.jpg","contentUrl":"https:\/\/electricasudanell.com\/wp-content\/uploads\/2018\/04\/slider-1-e1705949982198.jpg"},{"@type":"BreadcrumbList","@id":"https:\/\/electricasudanell.com\/inicio\/#breadcrumb","itemListElement":[{"@type":"ListItem","position":1,"name":"Inici","item":"https:\/\/electricasudanell.com\/inicio\/"},{"@type":"ListItem","position":2,"name":"Inicio"}]},{"@type":"WebSite","@id":"https:\/\/electricasudanell.com\/#website","url":"https:\/\/electricasudanell.com\/","name":"El\u00e8ctrica Sudanell","description":"Altre lloc gestionat amb el WordPress","potentialAction":[{"@type":"SearchAction","target":{"@type":"EntryPoint","urlTemplate":"https:\/\/electricasudanell.com\/?s={search_term_string}"},"query-input":{"@type":"PropertyValueSpecification","valueRequired":true,"valueName":"search_term_string"}}],"inLanguage":"es"}]}},"_links":{"self":[{"href":"https:\/\/electricasudanell.com\/es\/wp-json\/wp\/v2\/pages\/141","targetHints":{"allow":["GET"]}}],"collection":[{"href":"https:\/\/electricasudanell.com\/es\/wp-json\/wp\/v2\/pages"}],"about":[{"href":"https:\/\/electricasudanell.com\/es\/wp-json\/wp\/v2\/types\/page"}],"author":[{"embeddable":true,"href":"https:\/\/electricasudanell.com\/es\/wp-json\/wp\/v2\/users\/1"}],"replies":[{"embeddable":true,"href":"https:\/\/electricasudanell.com\/es\/wp-json\/wp\/v2\/comments?post=141"}],"version-history":[{"count":4,"href":"https:\/\/electricasudanell.com\/es\/wp-json\/wp\/v2\/pages\/141\/revisions"}],"predecessor-version":[{"id":1082,"href":"https:\/\/electricasudanell.com\/es\/wp-json\/wp\/v2\/pages\/141\/revisions\/1082"}],"wp:attachment":[{"href":"https:\/\/electricasudanell.com\/es\/wp-json\/wp\/v2\/media?parent=141"}],"curies":[{"name":"wp","href":"https:\/\/api.w.org\/{rel}","templated":true}]}}